{"id":6,"date":"2016-11-11T17:39:38","date_gmt":"2016-11-11T16:39:38","guid":{"rendered":"http:\/\/kgv-nordkanal.de\/wp-kgv\/?page_id=6"},"modified":"2023-06-14T17:12:53","modified_gmt":"2023-06-14T15:12:53","slug":"vereins-chronik","status":"publish","type":"page","link":"https:\/\/kgv-nordkanal.de\/wp-kgv\/","title":{"rendered":""},"content":{"rendered":"\n<blockquote class=\"wp-block-quote has-text-align-center is-layout-flow wp-block-quote-is-layout-flow\">\n<p><\/p>\n<\/blockquote>\n\n\n\n<p><\/p>\n\n\n\n<h2 class=\"wp-block-heading\" id=\"vereins-chronik\">                                  Vereins-Chronik<\/h2>\n\n\n<p><img loading=\"lazy\" decoding=\"async\" data-attachment-id=\"8\" data-permalink=\"https:\/\/kgv-nordkanal.de\/wp-kgv\/vereins-chronik\/mitgl\/\" data-orig-file=\"https:\/\/i1.wp.com\/kgv-nordkanal.de\/wp-kgv\/wp-content\/uploads\/2016\/11\/mitgl.jpg?fit=512%2C384&amp;ssl=1\" data-orig-size=\"512,384\" data-comments-opened=\"1\" data-image-meta=\"{&quot;aperture&quot;:&quot;0&quot;,&quot;credit&quot;:&quot;&quot;,&quot;camera&quot;:&quot;&quot;,&quot;caption&quot;:&quot;&quot;,&quot;created_timestamp&quot;:&quot;0&quot;,&quot;copyright&quot;:&quot;&quot;,&quot;focal_length&quot;:&quot;0&quot;,&quot;iso&quot;:&quot;0&quot;,&quot;shutter_speed&quot;:&quot;0&quot;,&quot;title&quot;:&quot;&quot;,&quot;orientation&quot;:&quot;0&quot;}\" data-image-title=\"mitgl\" data-image-description=\"\" data-medium-file=\"https:\/\/i1.wp.com\/kgv-nordkanal.de\/wp-kgv\/wp-content\/uploads\/2016\/11\/mitgl.jpg?fit=300%2C225&amp;ssl=1\" data-large-file=\"https:\/\/i1.wp.com\/kgv-nordkanal.de\/wp-kgv\/wp-content\/uploads\/2016\/11\/mitgl.jpg?fit=474%2C356&amp;ssl=1\" class=\"wp-image-8 size-full aligncenter\" src=\"https:\/\/i1.wp.com\/kgv-nordkanal.de\/wp-kgv\/wp-content\/uploads\/2016\/11\/mitgl.jpg?resize=512%2C384&#038;ssl=1\" alt=\"Die Gr\u00fcndungsmitglieder - v.l.n.r. Herr Sievering, Frau wolf, Herr Steinhauer, Herr M\u00fcller\" width=\"512\" height=\"384\" srcset=\"https:\/\/i1.wp.com\/kgv-nordkanal.de\/wp-kgv\/wp-content\/uploads\/2016\/11\/mitgl.jpg?w=512&amp;ssl=1 512w, https:\/\/i1.wp.com\/kgv-nordkanal.de\/wp-kgv\/wp-content\/uploads\/2016\/11\/mitgl.jpg?resize=300%2C225&amp;ssl=1 300w\" sizes=\"auto, (max-width: 512px) 100vw, 512px\" data-recalc-dims=\"1\" \/><\/p>\n<p style=\"text-align: justify;\">Einige Familienv\u00e4ter fanden sich im Jahre 1928 zusammen, um einen Kleing\u00e4rtnerverein zu gr\u00fcnden. In der Zeit der Arbeitslosigkeit und wirtschaftlicher Not war es das Bestreben vieler Menschen ein Fleckchen Erde bearbeiten zu k\u00f6nnen. Nach langem Hin und Her erhielt der Verein von der Stadt Neuss zwei Morgen Wiesengel\u00e4nde mit der Bedingung, dieses Gel\u00e4nde urbar zu machen. Es befand sich gegen\u00fcber unserem heutigen Hauptgel\u00e4nde in der N\u00e4he des \u0084Jr\u00f6ne Meerke\u0093 und direkt am Nordkanal, wodurch der Name Kleing\u00e4rtnerverein \u0084Nordkanal\u0093 entstand.<\/p>\n<p style=\"text-align: justify;\">Es entstand eine musterg\u00fcltige Kleingartenanlage.<\/p>\n<p style=\"text-align: justify;\">Die Zahl der Mitglieder stieg st\u00e4ndig, so dass der damalige Vorstand erneut mit der Stadtverwaltung in Verhandlungen trat, um weiteres Gel\u00e4nde zu erwerben. Der Verein gewann zeitweise Gel\u00e4nde dazu, das aber in den sp\u00e4teren Jahren immer wieder gek\u00fcndigt wurde, z. B. in den Jahren 1934\/35 f\u00fcr eine Flakstellung.<\/p>\n<p style=\"text-align: justify;\">Kurz vor dem zweiten Weltkrieg war um die Stadt Neuss ein Gr\u00fcng\u00fcrtel geplant, worin der Kleing\u00e4rtnerverein \u0084Nordkanal\u0093 einbezogen werden sollte. Ein gr\u00f6\u00dferes Gel\u00e4nde erhielt der Verein an der Morgensternsheide, welches direkt als Dauergel\u00e4nde festgelegt wurde.<\/p>\n<p style=\"text-align: justify;\">Nach dem Kriege konnte das Hauptgel\u00e4nde noch zweimal erweitert werden, so dass es jetzt 46 G\u00e4rten umfasst. Die Nebenanlagen bestehen aus 22 G\u00e4rten in der Morgensternsheide und 8 G\u00e4rten in der Langen Hecke.<\/p>\n<p style=\"text-align: justify;\">\n<\/p><h3>Soziale Funktion von Kleing\u00e4rten<\/h3>\n<ul>\n<li>Der <strong><em>Allgemeinheit<\/em><\/strong> bieten die Kleing\u00e4rten eine bessere Lebensqualit\u00e4t in den St\u00e4dten durch L\u00e4rmverringerung, Staubbindung, Durchgr\u00fcnung, Auflockerung der Bebauung, Biotop- und Artenschutz, Lebensraumvernetzung und klimatische Auswirkungen.<\/li>\n<li><strong><em>Familien<\/em><\/strong> bieten die Kleing\u00e4rten eine sinnvolle Freizeitbesch\u00e4ftigung; eine g\u00e4rtnerische Bet\u00e4tigung und das preiswerte Z\u00fcchten von gesundem Gem\u00fcse; das pers\u00f6nliche Erlebnis vom S\u00e4en, Wachsen, Gedeihen und Ernten von gesundem Gem\u00fcse; ein Gegengewicht zum Leben in Betonburgen und auf Asphaltfl\u00e4chen; F\u00f6rderung von harmonischen zwischenmenschlichen Beziehungen; einen direkten Kontakt mit der Natur,denn die Kinder sind unsere Zukunft.<\/li>\n<li><em><strong>Kindern<\/strong> und <strong>Jugendlichen<\/strong><\/em> bieten die Kleing\u00e4rten Ausgleich f\u00fcr die oft fehlenden Spielpl\u00e4tze; ein Spiel- und Kommunikationsfeld; Erlebnisr\u00e4ume in der Natur und Wahrnehmung ihrer nat\u00fcrliche Zusammenh\u00e4nge.<\/li>\n<li><strong><em>Berufst\u00e4tigen<\/em><\/strong> bieten die Kleing\u00e4rten eine Entspannung vom Arbeitsstress durch gesunde Bet\u00e4tigung; eine ideale Alternative zum Arbeitsalltag.<\/li>\n<li><strong><em>Arbeitslosen<\/em><\/strong> bieten die Kleing\u00e4rten das Gef\u00fchl, gebraucht zu werden und noch dazu zugeh\u00f6ren; ein Mittel den M\u00fc\u00dfiggang zu vermeiden; ein Zuschuss an frischem Gem\u00fcse zu einem Minimalpreis.<\/li>\n<li><strong><em>Immigranten<\/em><\/strong> bieten die Kleing\u00e4rten eine M\u00f6glichkeit Kontakte zu kn\u00fcpfen und sich besser im Aufnahmeland zu integrieren.<\/li>\n<li><strong><em>Behinderten<\/em> <\/strong>bieten die Kleing\u00e4rten einen Ort an dem er am Vereinsleben teilnimmt, Kontakte kn\u00fcpft und so der Isolierung entgeht; das Erleben vom S\u00e4en und Pflanzen, vom Wachsen, Gedeihen und Ernten.<\/li>\n<li><strong><em>Senioren<\/em><\/strong> bieten die Kleing\u00e4rten einen Ort des Gespr\u00e4chs und der Ruhe durch die Zusammenf\u00fchrung von Menschen mit gleichen Interessen; \u00fcber Jahre gewachsene Kontakte; individuelle Selbstverwirklichung und Besch\u00e4ftigung im 3. Lebensabschnitt im eigenen Garten.<\/li>\n<\/ul>","protected":false},"excerpt":{"rendered":"<p>Vereins-Chronik Einige Familienv\u00e4ter fanden sich im Jahre 1928 zusammen, um einen Kleing\u00e4rtnerverein zu gr\u00fcnden. In der Zeit der Arbeitslosigkeit und wirtschaftlicher Not war es das Bestreben vieler Menschen ein Fleckchen Erde bearbeiten zu k\u00f6nnen. Nach langem Hin und Her erhielt der Verein von der Stadt Neuss zwei Morgen Wiesengel\u00e4nde mit der Bedingung, dieses Gel\u00e4nde urbar &hellip; <a href=\"https:\/\/kgv-nordkanal.de\/wp-kgv\/\" class=\"more-link\"><span class=\"screen-reader-text\"><\/span> weiterlesen <span class=\"meta-nav\">&rarr;<\/span><\/a><\/p>\n","protected":false},"author":1,"featured_media":0,"parent":0,"menu_order":0,"comment_status":"closed","ping_status":"closed","template":"","meta":{"spay_email":"","footnotes":""},"class_list":["post-6","page","type-page","status-publish","hentry"],"jetpack_sharing_enabled":true,"jetpack_shortlink":"https:\/\/wp.me\/P86dFW-6","jetpack-related-posts":[{"id":378,"url":"https:\/\/kgv-nordkanal.de\/wp-kgv\/gastronomie\/","url_meta":{"origin":6,"position":0},"title":"Gastronomie","date":"14. Dezember 2016","format":false,"excerpt":"Unser sehr gem\u00fctliches Vereinsheim, in dem s\u00e4mtliche Feiern und Mitgliederversammlungen des Vereins stattfinden, ist an eine Wirtsfamilie verpachtet und bietet eine hervorragende Gastronomie. Zur Homepage: http:\/\/ilcampo-neuss.de\/ Rheinische Post Zeitungsartikel Top 10 Rheinland Der Gastro-Garten von der Furth In der Kleingartenanlage des Vereins \u201eNordkanal\u201c vermischen sich G\u00e4rtner- und Gaumenfreuden. Denn die\u2026","rel":"","context":"\u00c4hnlicher Beitrag","img":{"alt_text":"","src":"https:\/\/i2.wp.com\/kgv-nordkanal.de\/wp-kgv\/wp-content\/uploads\/2016\/12\/Sadiki-Homepage-1-300x245.jpg?resize=350%2C200","width":350,"height":200},"classes":[]},{"id":828,"url":"https:\/\/kgv-nordkanal.de\/wp-kgv\/datenschutzerklaerung\/","url_meta":{"origin":6,"position":1},"title":"Datenschutzerkl\u00e4rung","date":"25. Mai 2018","format":false,"excerpt":"Datenschutzerkl\u00e4rung Allgemeiner Hinweis und Pflichtinformationen Benennung der verantwortlichen Stelle Die verantwortliche Stelle f\u00fcr die Datenverarbeitung auf dieser Website ist: KLEING\u00c4RTNERVEREIN NORDKANAL e.V.Vertretungsberechtigter Vorstand:Viersener Str. 10041462 Neuss Die verantwortliche Stelle entscheidet allein oder gemeinsam mit anderen \u00fcber die Zwecke und Mittel der Verarbeitung von personenbezogenen Daten (z.B. Namen, Kontaktdaten o. \u00c4.).\u2026","rel":"","context":"\u00c4hnlicher Beitrag","img":{"alt_text":"","src":"","width":0,"height":0},"classes":[]},{"id":1351,"url":"https:\/\/kgv-nordkanal.de\/wp-kgv\/termine\/","url_meta":{"origin":6,"position":2},"title":"Termine","date":"15. Dezember 2022","format":false,"excerpt":"Hauptgel\u00e4nde: 28.03.2026 GemeinschaftsarbeitDie erste M\u00f6glichkeit zur Gemeinschaftsarbeit im Hauptgel\u00e4nde gibt es am 28.03.2026 ab 9:00 Uhr. Da die Teilnehmerzahl begrenzt ist, bitten wir diejenigen, die teilnehmen wollen, sich bis zum 21.03.2026 beim Obmann Michael vom Dorff (Tel. 0163-2170449) anzumelden. Es wird zwei weitere Termine im Sommer und im Herbst geben.\u2026","rel":"","context":"\u00c4hnlicher Beitrag","img":{"alt_text":"","src":"","width":0,"height":0},"classes":[]}],"_links":{"self":[{"href":"https:\/\/kgv-nordkanal.de\/wp-kgv\/wp-json\/wp\/v2\/pages\/6","targetHints":{"allow":["GET"]}}],"collection":[{"href":"https:\/\/kgv-nordkanal.de\/wp-kgv\/wp-json\/wp\/v2\/pages"}],"about":[{"href":"https:\/\/kgv-nordkanal.de\/wp-kgv\/wp-json\/wp\/v2\/types\/page"}],"author":[{"embeddable":true,"href":"https:\/\/kgv-nordkanal.de\/wp-kgv\/wp-json\/wp\/v2\/users\/1"}],"replies":[{"embeddable":true,"href":"https:\/\/kgv-nordkanal.de\/wp-kgv\/wp-json\/wp\/v2\/comments?post=6"}],"version-history":[{"count":14,"href":"https:\/\/kgv-nordkanal.de\/wp-kgv\/wp-json\/wp\/v2\/pages\/6\/revisions"}],"predecessor-version":[{"id":1428,"href":"https:\/\/kgv-nordkanal.de\/wp-kgv\/wp-json\/wp\/v2\/pages\/6\/revisions\/1428"}],"wp:attachment":[{"href":"https:\/\/kgv-nordkanal.de\/wp-kgv\/wp-json\/wp\/v2\/media?parent=6"}],"curies":[{"name":"wp","href":"https:\/\/api.w.org\/{rel}","templated":true}]}}