{"id":51,"date":"2016-11-12T12:06:14","date_gmt":"2016-11-12T11:06:14","guid":{"rendered":"http:\/\/kgv-nordkanal.de\/wp-kgv\/?page_id=51"},"modified":"2016-11-20T19:06:52","modified_gmt":"2016-11-20T18:06:52","slug":"vorstand","status":"publish","type":"page","link":"https:\/\/kgv-nordkanal.de\/wp-kgv\/vorstand\/","title":{"rendered":"Vorstand"},"content":{"rendered":"<p style=\"text-align: left;\">\n<table id=\"tablepress-2\" class=\"tablepress tablepress-id-2\">\n<tbody class=\"row-hover\">\n<tr class=\"row-1 odd\">\n\t<td class=\"column-1\"><\/td><td class=\"column-2\"><h5>Vorsitzender<\/h5><br \/>\nHerbert Ondra<br \/>\nHandy: 0172-7337616<\/td>\n<\/tr>\n<tr class=\"row-2 even\">\n\t<td class=\"column-1\"><\/td><td class=\"column-2\"><h5>Stellvertretender Vorsitzender<\/h5><br \/>\nChristoph H\u00f6ning <br \/>\nHandy: 0173-7943272<\/td>\n<\/tr>\n<tr class=\"row-3 odd\">\n\t<td class=\"column-1\"><\/td><td class=\"column-2\"><h5>Fachberater<\/h5>Gregor Kowalski<br \/>\nHandy: 0179-8321890<br \/>\n<\/td>\n<\/tr>\n<tr class=\"row-4 even\">\n\t<td class=\"column-1\"><\/td><td class=\"column-2\"><h5>Kassierer<\/h5><br \/>\nMartin Knonsalla<br \/>\nkgv-nordkanal@web.de<\/td>\n<\/tr>\n<tr class=\"row-5 odd\">\n\t<td class=\"column-1\"><\/td><td class=\"column-2\"><h5>Schriftf\u00fchrerin<\/h5><br \/>\nClaudia Witte-Martinez<br \/>\nE-Mail: kgv-nordkanal@web.de<br \/>\n<\/td>\n<\/tr>\n<\/tbody>\n<\/table>\n<!-- #tablepress-2 from cache --><\/p>\n","protected":false},"excerpt":{"rendered":"","protected":false},"author":1,"featured_media":0,"parent":0,"menu_order":0,"comment_status":"closed","ping_status":"closed","template":"","meta":{"spay_email":"","footnotes":""},"class_list":["post-51","page","type-page","status-publish","hentry"],"jetpack_sharing_enabled":true,"jetpack_shortlink":"https:\/\/wp.me\/P86dFW-P","jetpack-related-posts":[{"id":26,"url":"https:\/\/kgv-nordkanal.de\/wp-kgv\/impressum\/","url_meta":{"origin":51,"position":0},"title":"Impressum","date":"11. November 2016","format":false,"excerpt":"KLEING\u00c4RTNERVEREIN NORDKANAL e.V. Viersener Str. 100 41462 Neuss E-Mail: kgv-nordkanal@web.de Internet: www.kgv-nordkanal.de Vertretungsberechtigter Vorstand: Herbert Ondra\u00a0 (1. Vorsitzender), Christoph H\u00f6ning (2. Vorsitzender) Registergericht: Amtsgericht Neuss Registernummer: 305 Haftungshinweis: Trotz sorgf\u00e4ltiger inhaltlicher Kontrolle \u00fcbernehmen wir keine Haftung f\u00fcr die Inhalte externer Links. F\u00fcr den Inhalt der verlinkten Seiten sind ausschlie\u00dflich deren\u2026","rel":"","context":"\u00c4hnlicher Beitrag","img":{"alt_text":"","src":"","width":0,"height":0},"classes":[]},{"id":6,"url":"https:\/\/kgv-nordkanal.de\/wp-kgv\/","url_meta":{"origin":51,"position":1},"title":"Vereins-Chronik Einige Familienv\u00e4ter fanden sich\u2026","date":"11. November 2016","format":false,"excerpt":"Vereins-Chronik Einige Familienv\u00e4ter fanden sich im Jahre 1928 zusammen, um einen Kleing\u00e4rtnerverein zu gr\u00fcnden. In der Zeit der Arbeitslosigkeit und wirtschaftlicher Not war es das Bestreben vieler Menschen ein Fleckchen Erde bearbeiten zu k\u00f6nnen. Nach langem Hin und Her erhielt der Verein von der Stadt Neuss zwei Morgen Wiesengel\u00e4nde mit\u2026","rel":"","context":"\u00c4hnlicher Beitrag","img":{"alt_text":"Die Gr\u00c3\u00bcndungsmitglieder - v.l.n.r. Herr Sievering, Frau wolf, Herr Steinhauer, Herr M\u00c3\u00bcller","src":"https:\/\/i1.wp.com\/kgv-nordkanal.de\/wp-kgv\/wp-content\/uploads\/2016\/11\/mitgl.jpg?resize=350%2C200","width":350,"height":200},"classes":[]},{"id":828,"url":"https:\/\/kgv-nordkanal.de\/wp-kgv\/datenschutzerklaerung\/","url_meta":{"origin":51,"position":2},"title":"Datenschutzerkl\u00e4rung","date":"25. Mai 2018","format":false,"excerpt":"Datenschutzerkl\u00e4rung Allgemeiner Hinweis und Pflichtinformationen Benennung der verantwortlichen Stelle Die verantwortliche Stelle f\u00fcr die Datenverarbeitung auf dieser Website ist: KLEING\u00c4RTNERVEREIN NORDKANAL e.V.Vertretungsberechtigter Vorstand:Viersener Str. 10041462 Neuss Die verantwortliche Stelle entscheidet allein oder gemeinsam mit anderen \u00fcber die Zwecke und Mittel der Verarbeitung von personenbezogenen Daten (z.B. Namen, Kontaktdaten o. \u00c4.).\u2026","rel":"","context":"\u00c4hnlicher Beitrag","img":{"alt_text":"","src":"","width":0,"height":0},"classes":[]},{"id":228,"url":"https:\/\/kgv-nordkanal.de\/wp-kgv\/morgensternsheide-2\/","url_meta":{"origin":51,"position":3},"title":"Morgensternsheide","date":"20. November 2016","format":false,"excerpt":"Begleiten Sie uns auf einem virtuellen Rundgang durch die Gartenanlage.Jedes graue K\u00e4stchen steht f\u00fcr einen Besichtigungspunkt, der angeklickt werden kann","rel":"","context":"\u00c4hnlicher Beitrag","img":{"alt_text":"","src":"https:\/\/i0.wp.com\/kgv-nordkanal.de\/wp-kgv\/wp-content\/uploads\/2016\/11\/morgensternsheide.gif?resize=350%2C200","width":350,"height":200},"classes":[]},{"id":236,"url":"https:\/\/kgv-nordkanal.de\/wp-kgv\/hauptgelaende-2\/","url_meta":{"origin":51,"position":4},"title":"Hauptgel\u00e4nde","date":"20. November 2016","format":false,"excerpt":"Begleiten Sie uns auf einem virtuellen Rundgang durch die Gartenanlage. Jedes graue K\u00e4stchen steht f\u00fcr einen Besichtigungspunkt, der angeklickt werden kann","rel":"","context":"\u00c4hnlicher Beitrag","img":{"alt_text":"","src":"https:\/\/i0.wp.com\/kgv-nordkanal.de\/wp-kgv\/wp-content\/uploads\/2016\/11\/hauptgelaende.gif?resize=350%2C200","width":350,"height":200},"classes":[]}],"_links":{"self":[{"href":"https:\/\/kgv-nordkanal.de\/wp-kgv\/wp-json\/wp\/v2\/pages\/51","targetHints":{"allow":["GET"]}}],"collection":[{"href":"https:\/\/kgv-nordkanal.de\/wp-kgv\/wp-json\/wp\/v2\/pages"}],"about":[{"href":"https:\/\/kgv-nordkanal.de\/wp-kgv\/wp-json\/wp\/v2\/types\/page"}],"author":[{"embeddable":true,"href":"https:\/\/kgv-nordkanal.de\/wp-kgv\/wp-json\/wp\/v2\/users\/1"}],"replies":[{"embeddable":true,"href":"https:\/\/kgv-nordkanal.de\/wp-kgv\/wp-json\/wp\/v2\/comments?post=51"}],"version-history":[{"count":8,"href":"https:\/\/kgv-nordkanal.de\/wp-kgv\/wp-json\/wp\/v2\/pages\/51\/revisions"}],"predecessor-version":[{"id":1607,"href":"https:\/\/kgv-nordkanal.de\/wp-kgv\/wp-json\/wp\/v2\/pages\/51\/revisions\/1607"}],"wp:attachment":[{"href":"https:\/\/kgv-nordkanal.de\/wp-kgv\/wp-json\/wp\/v2\/media?parent=51"}],"curies":[{"name":"wp","href":"https:\/\/api.w.org\/{rel}","templated":true}]}}