{"id":378,"date":"2016-12-14T12:55:41","date_gmt":"2016-12-14T11:55:41","guid":{"rendered":"http:\/\/kgv-nordkanal.de\/wp-kgv\/?page_id=378"},"modified":"2023-02-01T18:06:59","modified_gmt":"2023-02-01T17:06:59","slug":"gastronomie","status":"publish","type":"page","link":"https:\/\/kgv-nordkanal.de\/wp-kgv\/gastronomie\/","title":{"rendered":"Gastronomie"},"content":{"rendered":"<p>Unser sehr gem\u00fctliches Vereinsheim, in dem s\u00e4mtliche Feiern und Mitgliederversammlungen des Vereins stattfinden, ist an eine Wirtsfamilie verpachtet und bietet eine hervorragende Gastronomie.<\/p>\n<p>Zur Homepage:<\/p>\n<p><a href=\"http:\/\/ilcampo-neuss.de\/\">http:\/\/ilcampo-neuss.de\/<\/a><\/p>\n<p>Rheinische Post Zeitungsartikel<\/p>\n<h6 class=\"western\">Top 10 Rheinland<\/h6>\n<h6 class=\"western\">Der Gastro-Garten von der Furth<\/h6>\n<p>In der Kleingartenanlage des Vereins \u201eNordkanal\u201c vermischen sich G\u00e4rtner- und Gaumenfreuden. Denn die Kleingartenanlage auf der Neusser Furth, zu der 76 G\u00e4rten geh\u00f6ren, hat auch mit dem Restaurant \u201eIl Campo\u201c im Vereinslokal eine gute Adresse f\u00fcr Gourmets. Dazu geh\u00f6rt eine Terrasse als Oase im Gr\u00fcnen. P\u00e4chter sind Halil und Shuhrete Sadiki, die mit italienischer K\u00fcche verw\u00f6hnen. Geeignet f\u00fcr Gartenfreunde, die die Natur gerne bei italienischen Speisen genie\u00dfen oder den Abend nach der Gartenarbeit gem\u00fctlich ausklingen lassen wollen. Hier lohnt sich auch ein Spaziergang durch die gepflegte Anlage.<\/p>\n<p>76 Kleing\u00e4rten geh\u00f6ren zu dem Areal auf der Furth, das in erster Linie durch das gastronomische Angebot besticht und so auch gerade bei w\u00e4rmeren Temperaturen viele Besucher anlockt. Doch auch die Gartenfreunde selbst stellen dort ihre Talente unter Beweis.<\/p>\n<p>Zum <a href=\"http:\/\/www.rp-online.de\/nrw\/top10-rheinland\/der-gastro-garten-von-der-furth-aid-1.6518737\">Artikel<\/a><\/p>\n<p style=\"text-align: justify;\">Hier gelangen Sie ebenfalls zur Homepage vom IL Campo,<\/p>\n<p style=\"text-align: justify;\">klicken Sie bitte auf das Bild.<\/p>\n<p><a href=\"http:\/\/www.ilcampo-neuss.de\/\" target=\"_blank\" rel=\"noopener noreferrer\"><img loading=\"lazy\" decoding=\"async\" data-attachment-id=\"382\" data-permalink=\"https:\/\/kgv-nordkanal.de\/wp-kgv\/gastronomie\/sadiki-homepage-1\/\" data-orig-file=\"https:\/\/i0.wp.com\/kgv-nordkanal.de\/wp-kgv\/wp-content\/uploads\/2016\/12\/Sadiki-Homepage-1.jpg?fit=550%2C450&amp;ssl=1\" data-orig-size=\"550,450\" data-comments-opened=\"1\" data-image-meta=\"{&quot;aperture&quot;:&quot;0&quot;,&quot;credit&quot;:&quot;&quot;,&quot;camera&quot;:&quot;&quot;,&quot;caption&quot;:&quot;&quot;,&quot;created_timestamp&quot;:&quot;0&quot;,&quot;copyright&quot;:&quot;&quot;,&quot;focal_length&quot;:&quot;0&quot;,&quot;iso&quot;:&quot;0&quot;,&quot;shutter_speed&quot;:&quot;0&quot;,&quot;title&quot;:&quot;&quot;,&quot;orientation&quot;:&quot;0&quot;}\" data-image-title=\"sadiki-homepage-1\" data-image-description=\"\" data-medium-file=\"https:\/\/i0.wp.com\/kgv-nordkanal.de\/wp-kgv\/wp-content\/uploads\/2016\/12\/Sadiki-Homepage-1.jpg?fit=300%2C245&amp;ssl=1\" data-large-file=\"https:\/\/i0.wp.com\/kgv-nordkanal.de\/wp-kgv\/wp-content\/uploads\/2016\/12\/Sadiki-Homepage-1.jpg?fit=474%2C388&amp;ssl=1\" class=\"alignnone wp-image-382 size-medium\" src=\"https:\/\/i0.wp.com\/kgv-nordkanal.de\/wp-kgv\/wp-content\/uploads\/2016\/12\/Sadiki-Homepage-1.jpg?resize=300%2C245&#038;ssl=1\" alt=\"sadiki-homepage-1\" width=\"300\" height=\"245\" srcset=\"https:\/\/i0.wp.com\/kgv-nordkanal.de\/wp-kgv\/wp-content\/uploads\/2016\/12\/Sadiki-Homepage-1.jpg?resize=300%2C245&amp;ssl=1 300w, https:\/\/i0.wp.com\/kgv-nordkanal.de\/wp-kgv\/wp-content\/uploads\/2016\/12\/Sadiki-Homepage-1.jpg?w=550&amp;ssl=1 550w\" sizes=\"auto, (max-width: 300px) 100vw, 300px\" data-recalc-dims=\"1\" \/><\/a><\/p>\n","protected":false},"excerpt":{"rendered":"<p>Unser sehr gem\u00fctliches Vereinsheim, in dem s\u00e4mtliche Feiern und Mitgliederversammlungen des Vereins stattfinden, ist an eine Wirtsfamilie verpachtet und bietet eine hervorragende Gastronomie. Zur Homepage: http:\/\/ilcampo-neuss.de\/ Rheinische Post Zeitungsartikel Top 10 Rheinland Der Gastro-Garten von der Furth In der Kleingartenanlage des Vereins \u201eNordkanal\u201c vermischen sich G\u00e4rtner- und Gaumenfreuden. Denn die Kleingartenanlage auf der Neusser Furth, &hellip; <a href=\"https:\/\/kgv-nordkanal.de\/wp-kgv\/gastronomie\/\" class=\"more-link\"><span class=\"screen-reader-text\">Gastronomie<\/span> weiterlesen <span class=\"meta-nav\">&rarr;<\/span><\/a><\/p>\n","protected":false},"author":2,"featured_media":0,"parent":0,"menu_order":0,"comment_status":"closed","ping_status":"closed","template":"","meta":{"spay_email":"","footnotes":""},"class_list":["post-378","page","type-page","status-publish","hentry"],"jetpack_sharing_enabled":true,"jetpack_shortlink":"https:\/\/wp.me\/P86dFW-66","jetpack-related-posts":[{"id":6,"url":"https:\/\/kgv-nordkanal.de\/wp-kgv\/","url_meta":{"origin":378,"position":0},"title":"Vereins-Chronik Einige Familienv\u00e4ter fanden sich\u2026","date":"11. November 2016","format":false,"excerpt":"Vereins-Chronik Einige Familienv\u00e4ter fanden sich im Jahre 1928 zusammen, um einen Kleing\u00e4rtnerverein zu gr\u00fcnden. In der Zeit der Arbeitslosigkeit und wirtschaftlicher Not war es das Bestreben vieler Menschen ein Fleckchen Erde bearbeiten zu k\u00f6nnen. Nach langem Hin und Her erhielt der Verein von der Stadt Neuss zwei Morgen Wiesengel\u00e4nde mit\u2026","rel":"","context":"\u00c4hnlicher Beitrag","img":{"alt_text":"Die Gr\u00c3\u00bcndungsmitglieder - v.l.n.r. Herr Sievering, Frau wolf, Herr Steinhauer, Herr M\u00c3\u00bcller","src":"https:\/\/i1.wp.com\/kgv-nordkanal.de\/wp-kgv\/wp-content\/uploads\/2016\/11\/mitgl.jpg?resize=350%2C200","width":350,"height":200},"classes":[]},{"id":1351,"url":"https:\/\/kgv-nordkanal.de\/wp-kgv\/termine\/","url_meta":{"origin":378,"position":1},"title":"Termine","date":"15. Dezember 2022","format":false,"excerpt":"Hauptgel\u00e4nde: 28.03.2026 GemeinschaftsarbeitDie erste M\u00f6glichkeit zur Gemeinschaftsarbeit im Hauptgel\u00e4nde gibt es am 28.03.2026 ab 9:00 Uhr. Da die Teilnehmerzahl begrenzt ist, bitten wir diejenigen, die teilnehmen wollen, sich bis zum 21.03.2026 beim Obmann Michael vom Dorff (Tel. 0163-2170449) anzumelden. Es wird zwei weitere Termine im Sommer und im Herbst geben.\u2026","rel":"","context":"\u00c4hnlicher Beitrag","img":{"alt_text":"","src":"","width":0,"height":0},"classes":[]},{"id":828,"url":"https:\/\/kgv-nordkanal.de\/wp-kgv\/datenschutzerklaerung\/","url_meta":{"origin":378,"position":2},"title":"Datenschutzerkl\u00e4rung","date":"25. Mai 2018","format":false,"excerpt":"Datenschutzerkl\u00e4rung Allgemeiner Hinweis und Pflichtinformationen Benennung der verantwortlichen Stelle Die verantwortliche Stelle f\u00fcr die Datenverarbeitung auf dieser Website ist: KLEING\u00c4RTNERVEREIN NORDKANAL e.V.Vertretungsberechtigter Vorstand:Viersener Str. 10041462 Neuss Die verantwortliche Stelle entscheidet allein oder gemeinsam mit anderen \u00fcber die Zwecke und Mittel der Verarbeitung von personenbezogenen Daten (z.B. Namen, Kontaktdaten o. \u00c4.).\u2026","rel":"","context":"\u00c4hnlicher Beitrag","img":{"alt_text":"","src":"","width":0,"height":0},"classes":[]},{"id":301,"url":"https:\/\/kgv-nordkanal.de\/wp-kgv\/freie-gaerten\/","url_meta":{"origin":378,"position":3},"title":"Freie G\u00e4rten","date":"20. November 2016","format":false,"excerpt":"Zur Zeit haben wir keine freien G\u00e4rten.","rel":"","context":"\u00c4hnlicher Beitrag","img":{"alt_text":"","src":"","width":0,"height":0},"classes":[]},{"id":124,"url":"https:\/\/kgv-nordkanal.de\/wp-kgv\/fuer-interessierte-seminare-bei-der-vhs\/","url_meta":{"origin":378,"position":4},"title":"Seminare vom Stadtverband der Kleing\u00e4rtner e.V. Neuss","date":"13. November 2016","format":false,"excerpt":"Liebe Gartenfreunde, alles rund um das Thema - Garten! Stadtverband der Kleing\u00e4rtnervereine e.V.\u00a0Neuss\u00a0\u00a0\u00a0 Interessierte Kleing\u00e4rtner \/ -innen laden wir ein: Homepage: http:\/\/www.stadtverband-kleingaertner-neuss.de \u00a0","rel":"","context":"\u00c4hnlicher Beitrag","img":{"alt_text":"","src":"","width":0,"height":0},"classes":[]},{"id":26,"url":"https:\/\/kgv-nordkanal.de\/wp-kgv\/impressum\/","url_meta":{"origin":378,"position":5},"title":"Impressum","date":"11. November 2016","format":false,"excerpt":"KLEING\u00c4RTNERVEREIN NORDKANAL e.V. Viersener Str. 100 41462 Neuss E-Mail: kgv-nordkanal@web.de Internet: www.kgv-nordkanal.de Vertretungsberechtigter Vorstand: Herbert Ondra\u00a0 (1. Vorsitzender), Christoph H\u00f6ning (2. Vorsitzender) Registergericht: Amtsgericht Neuss Registernummer: 305 Haftungshinweis: Trotz sorgf\u00e4ltiger inhaltlicher Kontrolle \u00fcbernehmen wir keine Haftung f\u00fcr die Inhalte externer Links. F\u00fcr den Inhalt der verlinkten Seiten sind ausschlie\u00dflich deren\u2026","rel":"","context":"\u00c4hnlicher Beitrag","img":{"alt_text":"","src":"","width":0,"height":0},"classes":[]}],"_links":{"self":[{"href":"https:\/\/kgv-nordkanal.de\/wp-kgv\/wp-json\/wp\/v2\/pages\/378","targetHints":{"allow":["GET"]}}],"collection":[{"href":"https:\/\/kgv-nordkanal.de\/wp-kgv\/wp-json\/wp\/v2\/pages"}],"about":[{"href":"https:\/\/kgv-nordkanal.de\/wp-kgv\/wp-json\/wp\/v2\/types\/page"}],"author":[{"embeddable":true,"href":"https:\/\/kgv-nordkanal.de\/wp-kgv\/wp-json\/wp\/v2\/users\/2"}],"replies":[{"embeddable":true,"href":"https:\/\/kgv-nordkanal.de\/wp-kgv\/wp-json\/wp\/v2\/comments?post=378"}],"version-history":[{"count":14,"href":"https:\/\/kgv-nordkanal.de\/wp-kgv\/wp-json\/wp\/v2\/pages\/378\/revisions"}],"predecessor-version":[{"id":1415,"href":"https:\/\/kgv-nordkanal.de\/wp-kgv\/wp-json\/wp\/v2\/pages\/378\/revisions\/1415"}],"wp:attachment":[{"href":"https:\/\/kgv-nordkanal.de\/wp-kgv\/wp-json\/wp\/v2\/media?parent=378"}],"curies":[{"name":"wp","href":"https:\/\/api.w.org\/{rel}","templated":true}]}}