{"id":301,"date":"2016-11-20T16:52:01","date_gmt":"2016-11-20T15:52:01","guid":{"rendered":"http:\/\/kgv-nordkanal.de\/wp-kgv\/?page_id=301"},"modified":"2019-10-28T17:31:36","modified_gmt":"2019-10-28T16:31:36","slug":"freie-gaerten","status":"publish","type":"page","link":"https:\/\/kgv-nordkanal.de\/wp-kgv\/freie-gaerten\/","title":{"rendered":"Freie G\u00e4rten"},"content":{"rendered":"<p>Zur Zeit haben wir keine freien G\u00e4rten.<\/p>\n<hr \/>\n<!-- Die Tabelle mit der ID 10 ist leer! --><!-- #tablepress-10 from cache -->\n<hr \/>\n<!-- Die Tabelle mit der ID 8 ist leer! --><!-- #tablepress-8 from cache -->\n","protected":false},"excerpt":{"rendered":"<p>Zur Zeit haben wir keine freien G\u00e4rten.<\/p>\n","protected":false},"author":2,"featured_media":0,"parent":0,"menu_order":0,"comment_status":"closed","ping_status":"closed","template":"","meta":{"spay_email":"","footnotes":""},"class_list":["post-301","page","type-page","status-publish","hentry"],"jetpack_sharing_enabled":true,"jetpack_shortlink":"https:\/\/wp.me\/P86dFW-4R","jetpack-related-posts":[{"id":378,"url":"https:\/\/kgv-nordkanal.de\/wp-kgv\/gastronomie\/","url_meta":{"origin":301,"position":0},"title":"Gastronomie","date":"14. Dezember 2016","format":false,"excerpt":"Unser sehr gem\u00fctliches Vereinsheim, in dem s\u00e4mtliche Feiern und Mitgliederversammlungen des Vereins stattfinden, ist an eine Wirtsfamilie verpachtet und bietet eine hervorragende Gastronomie. Zur Homepage: http:\/\/ilcampo-neuss.de\/ Rheinische Post Zeitungsartikel Top 10 Rheinland Der Gastro-Garten von der Furth In der Kleingartenanlage des Vereins \u201eNordkanal\u201c vermischen sich G\u00e4rtner- und Gaumenfreuden. Denn die\u2026","rel":"","context":"\u00c4hnlicher Beitrag","img":{"alt_text":"","src":"https:\/\/i2.wp.com\/kgv-nordkanal.de\/wp-kgv\/wp-content\/uploads\/2016\/12\/Sadiki-Homepage-1-300x245.jpg?resize=350%2C200","width":350,"height":200},"classes":[]},{"id":124,"url":"https:\/\/kgv-nordkanal.de\/wp-kgv\/fuer-interessierte-seminare-bei-der-vhs\/","url_meta":{"origin":301,"position":1},"title":"Seminare vom Stadtverband der Kleing\u00e4rtner e.V. Neuss","date":"13. November 2016","format":false,"excerpt":"Liebe Gartenfreunde, alles rund um das Thema - Garten! Stadtverband der Kleing\u00e4rtnervereine e.V.\u00a0Neuss\u00a0\u00a0\u00a0 Interessierte Kleing\u00e4rtner \/ -innen laden wir ein: Homepage: http:\/\/www.stadtverband-kleingaertner-neuss.de \u00a0","rel":"","context":"\u00c4hnlicher Beitrag","img":{"alt_text":"","src":"","width":0,"height":0},"classes":[]},{"id":6,"url":"https:\/\/kgv-nordkanal.de\/wp-kgv\/","url_meta":{"origin":301,"position":2},"title":"Vereins-Chronik Einige Familienv\u00e4ter fanden sich\u2026","date":"11. November 2016","format":false,"excerpt":"Vereins-Chronik Einige Familienv\u00e4ter fanden sich im Jahre 1928 zusammen, um einen Kleing\u00e4rtnerverein zu gr\u00fcnden. In der Zeit der Arbeitslosigkeit und wirtschaftlicher Not war es das Bestreben vieler Menschen ein Fleckchen Erde bearbeiten zu k\u00f6nnen. Nach langem Hin und Her erhielt der Verein von der Stadt Neuss zwei Morgen Wiesengel\u00e4nde mit\u2026","rel":"","context":"\u00c4hnlicher Beitrag","img":{"alt_text":"Die Gr\u00c3\u00bcndungsmitglieder - v.l.n.r. Herr Sievering, Frau wolf, Herr Steinhauer, Herr M\u00c3\u00bcller","src":"https:\/\/i1.wp.com\/kgv-nordkanal.de\/wp-kgv\/wp-content\/uploads\/2016\/11\/mitgl.jpg?resize=350%2C200","width":350,"height":200},"classes":[]},{"id":1351,"url":"https:\/\/kgv-nordkanal.de\/wp-kgv\/termine\/","url_meta":{"origin":301,"position":3},"title":"Termine","date":"15. Dezember 2022","format":false,"excerpt":"Hauptgel\u00e4nde: 28.03.2026 GemeinschaftsarbeitDie erste M\u00f6glichkeit zur Gemeinschaftsarbeit im Hauptgel\u00e4nde gibt es am 28.03.2026 ab 9:00 Uhr. Da die Teilnehmerzahl begrenzt ist, bitten wir diejenigen, die teilnehmen wollen, sich bis zum 21.03.2026 beim Obmann Michael vom Dorff (Tel. 0163-2170449) anzumelden. Es wird zwei weitere Termine im Sommer und im Herbst geben.\u2026","rel":"","context":"\u00c4hnlicher Beitrag","img":{"alt_text":"","src":"","width":0,"height":0},"classes":[]},{"id":828,"url":"https:\/\/kgv-nordkanal.de\/wp-kgv\/datenschutzerklaerung\/","url_meta":{"origin":301,"position":4},"title":"Datenschutzerkl\u00e4rung","date":"25. Mai 2018","format":false,"excerpt":"Datenschutzerkl\u00e4rung Allgemeiner Hinweis und Pflichtinformationen Benennung der verantwortlichen Stelle Die verantwortliche Stelle f\u00fcr die Datenverarbeitung auf dieser Website ist: KLEING\u00c4RTNERVEREIN NORDKANAL e.V.Vertretungsberechtigter Vorstand:Viersener Str. 10041462 Neuss Die verantwortliche Stelle entscheidet allein oder gemeinsam mit anderen \u00fcber die Zwecke und Mittel der Verarbeitung von personenbezogenen Daten (z.B. Namen, Kontaktdaten o. \u00c4.).\u2026","rel":"","context":"\u00c4hnlicher Beitrag","img":{"alt_text":"","src":"","width":0,"height":0},"classes":[]},{"id":26,"url":"https:\/\/kgv-nordkanal.de\/wp-kgv\/impressum\/","url_meta":{"origin":301,"position":5},"title":"Impressum","date":"11. November 2016","format":false,"excerpt":"KLEING\u00c4RTNERVEREIN NORDKANAL e.V. Viersener Str. 100 41462 Neuss E-Mail: kgv-nordkanal@web.de Internet: www.kgv-nordkanal.de Vertretungsberechtigter Vorstand: Herbert Ondra\u00a0 (1. Vorsitzender), Christoph H\u00f6ning (2. Vorsitzender) Registergericht: Amtsgericht Neuss Registernummer: 305 Haftungshinweis: Trotz sorgf\u00e4ltiger inhaltlicher Kontrolle \u00fcbernehmen wir keine Haftung f\u00fcr die Inhalte externer Links. F\u00fcr den Inhalt der verlinkten Seiten sind ausschlie\u00dflich deren\u2026","rel":"","context":"\u00c4hnlicher Beitrag","img":{"alt_text":"","src":"","width":0,"height":0},"classes":[]}],"_links":{"self":[{"href":"https:\/\/kgv-nordkanal.de\/wp-kgv\/wp-json\/wp\/v2\/pages\/301","targetHints":{"allow":["GET"]}}],"collection":[{"href":"https:\/\/kgv-nordkanal.de\/wp-kgv\/wp-json\/wp\/v2\/pages"}],"about":[{"href":"https:\/\/kgv-nordkanal.de\/wp-kgv\/wp-json\/wp\/v2\/types\/page"}],"author":[{"embeddable":true,"href":"https:\/\/kgv-nordkanal.de\/wp-kgv\/wp-json\/wp\/v2\/users\/2"}],"replies":[{"embeddable":true,"href":"https:\/\/kgv-nordkanal.de\/wp-kgv\/wp-json\/wp\/v2\/comments?post=301"}],"version-history":[{"count":18,"href":"https:\/\/kgv-nordkanal.de\/wp-kgv\/wp-json\/wp\/v2\/pages\/301\/revisions"}],"predecessor-version":[{"id":988,"href":"https:\/\/kgv-nordkanal.de\/wp-kgv\/wp-json\/wp\/v2\/pages\/301\/revisions\/988"}],"wp:attachment":[{"href":"https:\/\/kgv-nordkanal.de\/wp-kgv\/wp-json\/wp\/v2\/media?parent=301"}],"curies":[{"name":"wp","href":"https:\/\/api.w.org\/{rel}","templated":true}]}}