{"id":26,"date":"2016-11-11T18:18:45","date_gmt":"2016-11-11T17:18:45","guid":{"rendered":"http:\/\/kgv-nordkanal.de\/wp-kgv\/?page_id=26"},"modified":"2025-08-10T13:44:13","modified_gmt":"2025-08-10T11:44:13","slug":"impressum","status":"publish","type":"page","link":"https:\/\/kgv-nordkanal.de\/wp-kgv\/impressum\/","title":{"rendered":"Impressum"},"content":{"rendered":"<p><b>KLEING\u00c4RTNERVEREIN NORDKANAL e.V.<\/b><br \/>\n<b>Viersener Str. 100<\/b><br \/>\n<b>41462 Neuss<\/b><\/p>\n<p><i>E-Mail: <\/i>kgv-nordkanal@web.de<br \/>\n<i>Internet:<i> <\/i><\/i><a href=\"http:\/\/www.kgv-nordkanal.de\/\" target=\"_top\" rel=\"noopener noreferrer\">www.kgv-nordkanal.de<\/a><\/p>\n<p><i>Vertretungsberechtigter Vorstand:<\/i><br \/>\nHerbert Ondra\u00a0 (1. Vorsitzender), Christoph H\u00f6ning (2. Vorsitzender)<\/p>\n<p><i>Registergericht:<\/i> Amtsgericht Neuss<br \/>\n<i>Registernummer:<\/i> 305<\/p>\n<p><i>Haftungshinweis:<\/i> Trotz sorgf\u00e4ltiger inhaltlicher Kontrolle \u00fcbernehmen wir keine Haftung f\u00fcr die Inhalte externer Links. F\u00fcr den Inhalt der verlinkten Seiten sind ausschlie\u00dflich deren Betreiber verantwortlich.<\/p>\n","protected":false},"excerpt":{"rendered":"<p>KLEING\u00c4RTNERVEREIN NORDKANAL e.V. Viersener Str. 100 41462 Neuss E-Mail: kgv-nordkanal@web.de Internet: www.kgv-nordkanal.de Vertretungsberechtigter Vorstand: Herbert Ondra\u00a0 (1. Vorsitzender), Christoph H\u00f6ning (2. Vorsitzender) Registergericht: Amtsgericht Neuss Registernummer: 305 Haftungshinweis: Trotz sorgf\u00e4ltiger inhaltlicher Kontrolle \u00fcbernehmen wir keine Haftung f\u00fcr die Inhalte externer Links. F\u00fcr den Inhalt der verlinkten Seiten sind ausschlie\u00dflich deren Betreiber verantwortlich.<\/p>\n","protected":false},"author":1,"featured_media":0,"parent":0,"menu_order":0,"comment_status":"closed","ping_status":"closed","template":"","meta":{"spay_email":"","footnotes":""},"class_list":["post-26","page","type-page","status-publish","hentry"],"jetpack_sharing_enabled":true,"jetpack_shortlink":"https:\/\/wp.me\/P86dFW-q","jetpack-related-posts":[{"id":124,"url":"https:\/\/kgv-nordkanal.de\/wp-kgv\/fuer-interessierte-seminare-bei-der-vhs\/","url_meta":{"origin":26,"position":0},"title":"Seminare vom Stadtverband der Kleing\u00e4rtner e.V. Neuss","date":"13. November 2016","format":false,"excerpt":"Liebe Gartenfreunde, alles rund um das Thema - Garten! Stadtverband der Kleing\u00e4rtnervereine e.V.\u00a0Neuss\u00a0\u00a0\u00a0 Interessierte Kleing\u00e4rtner \/ -innen laden wir ein: Homepage: http:\/\/www.stadtverband-kleingaertner-neuss.de \u00a0","rel":"","context":"\u00c4hnlicher Beitrag","img":{"alt_text":"","src":"","width":0,"height":0},"classes":[]},{"id":6,"url":"https:\/\/kgv-nordkanal.de\/wp-kgv\/","url_meta":{"origin":26,"position":1},"title":"Vereins-Chronik Einige Familienv\u00e4ter fanden sich\u2026","date":"11. November 2016","format":false,"excerpt":"Vereins-Chronik Einige Familienv\u00e4ter fanden sich im Jahre 1928 zusammen, um einen Kleing\u00e4rtnerverein zu gr\u00fcnden. In der Zeit der Arbeitslosigkeit und wirtschaftlicher Not war es das Bestreben vieler Menschen ein Fleckchen Erde bearbeiten zu k\u00f6nnen. Nach langem Hin und Her erhielt der Verein von der Stadt Neuss zwei Morgen Wiesengel\u00e4nde mit\u2026","rel":"","context":"\u00c4hnlicher Beitrag","img":{"alt_text":"Die Gr\u00c3\u00bcndungsmitglieder - v.l.n.r. Herr Sievering, Frau wolf, Herr Steinhauer, Herr M\u00c3\u00bcller","src":"https:\/\/i1.wp.com\/kgv-nordkanal.de\/wp-kgv\/wp-content\/uploads\/2016\/11\/mitgl.jpg?resize=350%2C200","width":350,"height":200},"classes":[]},{"id":69,"url":"https:\/\/kgv-nordkanal.de\/wp-kgv\/kontakt\/","url_meta":{"origin":26,"position":2},"title":"Kontakt","date":"12. November 2016","format":false,"excerpt":"kgv-nordkanal@web.de","rel":"","context":"\u00c4hnlicher Beitrag","img":{"alt_text":"","src":"","width":0,"height":0},"classes":[]},{"id":228,"url":"https:\/\/kgv-nordkanal.de\/wp-kgv\/morgensternsheide-2\/","url_meta":{"origin":26,"position":3},"title":"Morgensternsheide","date":"20. November 2016","format":false,"excerpt":"Begleiten Sie uns auf einem virtuellen Rundgang durch die Gartenanlage.Jedes graue K\u00e4stchen steht f\u00fcr einen Besichtigungspunkt, der angeklickt werden kann","rel":"","context":"\u00c4hnlicher Beitrag","img":{"alt_text":"","src":"https:\/\/i0.wp.com\/kgv-nordkanal.de\/wp-kgv\/wp-content\/uploads\/2016\/11\/morgensternsheide.gif?resize=350%2C200","width":350,"height":200},"classes":[]},{"id":236,"url":"https:\/\/kgv-nordkanal.de\/wp-kgv\/hauptgelaende-2\/","url_meta":{"origin":26,"position":4},"title":"Hauptgel\u00e4nde","date":"20. November 2016","format":false,"excerpt":"Begleiten Sie uns auf einem virtuellen Rundgang durch die Gartenanlage. Jedes graue K\u00e4stchen steht f\u00fcr einen Besichtigungspunkt, der angeklickt werden kann","rel":"","context":"\u00c4hnlicher Beitrag","img":{"alt_text":"","src":"https:\/\/i0.wp.com\/kgv-nordkanal.de\/wp-kgv\/wp-content\/uploads\/2016\/11\/hauptgelaende.gif?resize=350%2C200","width":350,"height":200},"classes":[]},{"id":219,"url":"https:\/\/kgv-nordkanal.de\/wp-kgv\/lange-hecke\/","url_meta":{"origin":26,"position":5},"title":"Lange Hecke","date":"20. November 2016","format":false,"excerpt":"Begleiten Sie uns auf einem virtuellen Rundgang durch die Gartenanlage. Jedes graue K\u00e4stchen steht f\u00fcr einen Besichtigungspunkt, der angeklickt werden kann","rel":"","context":"\u00c4hnlicher Beitrag","img":{"alt_text":"","src":"https:\/\/i0.wp.com\/kgv-nordkanal.de\/wp-kgv\/wp-content\/uploads\/2016\/11\/lange_hecke.gif?resize=350%2C200","width":350,"height":200},"classes":[]}],"_links":{"self":[{"href":"https:\/\/kgv-nordkanal.de\/wp-kgv\/wp-json\/wp\/v2\/pages\/26","targetHints":{"allow":["GET"]}}],"collection":[{"href":"https:\/\/kgv-nordkanal.de\/wp-kgv\/wp-json\/wp\/v2\/pages"}],"about":[{"href":"https:\/\/kgv-nordkanal.de\/wp-kgv\/wp-json\/wp\/v2\/types\/page"}],"author":[{"embeddable":true,"href":"https:\/\/kgv-nordkanal.de\/wp-kgv\/wp-json\/wp\/v2\/users\/1"}],"replies":[{"embeddable":true,"href":"https:\/\/kgv-nordkanal.de\/wp-kgv\/wp-json\/wp\/v2\/comments?post=26"}],"version-history":[{"count":3,"href":"https:\/\/kgv-nordkanal.de\/wp-kgv\/wp-json\/wp\/v2\/pages\/26\/revisions"}],"predecessor-version":[{"id":1619,"href":"https:\/\/kgv-nordkanal.de\/wp-kgv\/wp-json\/wp\/v2\/pages\/26\/revisions\/1619"}],"wp:attachment":[{"href":"https:\/\/kgv-nordkanal.de\/wp-kgv\/wp-json\/wp\/v2\/media?parent=26"}],"curies":[{"name":"wp","href":"https:\/\/api.w.org\/{rel}","templated":true}]}}