{"id":243,"date":"2016-11-20T13:02:52","date_gmt":"2016-11-20T12:02:52","guid":{"rendered":"http:\/\/kgv-nordkanal.de\/wp-kgv\/?page_id=243"},"modified":"2016-11-20T13:15:42","modified_gmt":"2016-11-20T12:15:42","slug":"hier-finden-sie-uns","status":"publish","type":"page","link":"https:\/\/kgv-nordkanal.de\/wp-kgv\/hier-finden-sie-uns\/","title":{"rendered":"Hier finden Sie uns"},"content":{"rendered":"<div id=\"mapdiv69f884b2261052.49006988\" style=\"width:600px; height:600px;\"><\/div>\r\n\t\t\t<script type=\"text\/javascript\" src=\"https:\/\/kgv-nordkanal.de\/wp-kgv\/wp-content\/plugins\/embed-osm\/openlayers\/OpenLayers.js\"><\/script>\r\n\t\t\t<script type=\"text\/javascript\">\r\n\t\t\t\tOpenLayers.IMAGE_RELOAD_ATTEMPTS = 5;\r\n\t\t\t\tvar map = new OpenLayers.Map( \"mapdiv69f884b2261052.49006988\" );\r\n\t\t\t\tmap.addLayer( new OpenLayers.Layer.OSM( \"\", [\"https:\/\/a.tile.openstreetmap.org\/${z}\/${x}\/${y}.png\",\r\n\t\t\"https:\/\/b.tile.openstreetmap.org\/${z}\/${x}\/${y}.png\",\r\n\t\t\"https:\/\/c.tile.openstreetmap.org\/${z}\/${x}\/${y}.png\"] ) );\r\n\t\t\t\tvar lonLat = new OpenLayers.LonLat( 6.64787 , 51.21687 ).transform(\r\n\t\t\t\t\tnew OpenLayers.Projection( \"EPSG:4326\" ),\r\n\t\t\t\t\tmap.getProjectionObject() );\r\n\t\t\t\tmap.setCenter( lonLat, 16 );var markers = new OpenLayers.Layer.Markers( \"Markers\" );\r\n\t\t\t\t\tmap.addLayer( markers );\r\n\t\t\t\t\tvar mkIcon = new OpenLayers.Icon( \"https:\/\/kgv-nordkanal.de\/wp-kgv\/wp-content\/plugins\/embed-osm\/openlayers\/img\/marker-green.png\", { w: 21, h: 25 }, { x: -10.5, y: -25 } );\r\n\t\t\t\t\tvar marker = new OpenLayers.Marker( lonLat, mkIcon );\r\n\t\t\t\t\tmarkers.addMarker( marker );<\/script>\n","protected":false},"excerpt":{"rendered":"","protected":false},"author":1,"featured_media":0,"parent":0,"menu_order":0,"comment_status":"closed","ping_status":"closed","template":"","meta":{"spay_email":"","footnotes":""},"class_list":["post-243","page","type-page","status-publish","hentry"],"jetpack_sharing_enabled":true,"jetpack_shortlink":"https:\/\/wp.me\/P86dFW-3V","jetpack-related-posts":[{"id":828,"url":"https:\/\/kgv-nordkanal.de\/wp-kgv\/datenschutzerklaerung\/","url_meta":{"origin":243,"position":0},"title":"Datenschutzerkl\u00e4rung","date":"25. Mai 2018","format":false,"excerpt":"Datenschutzerkl\u00e4rung Allgemeiner Hinweis und Pflichtinformationen Benennung der verantwortlichen Stelle Die verantwortliche Stelle f\u00fcr die Datenverarbeitung auf dieser Website ist: KLEING\u00c4RTNERVEREIN NORDKANAL e.V.Vertretungsberechtigter Vorstand:Viersener Str. 10041462 Neuss Die verantwortliche Stelle entscheidet allein oder gemeinsam mit anderen \u00fcber die Zwecke und Mittel der Verarbeitung von personenbezogenen Daten (z.B. Namen, Kontaktdaten o. \u00c4.).\u2026","rel":"","context":"\u00c4hnlicher Beitrag","img":{"alt_text":"","src":"","width":0,"height":0},"classes":[]},{"id":228,"url":"https:\/\/kgv-nordkanal.de\/wp-kgv\/morgensternsheide-2\/","url_meta":{"origin":243,"position":1},"title":"Morgensternsheide","date":"20. November 2016","format":false,"excerpt":"Begleiten Sie uns auf einem virtuellen Rundgang durch die Gartenanlage.Jedes graue K\u00e4stchen steht f\u00fcr einen Besichtigungspunkt, der angeklickt werden kann","rel":"","context":"\u00c4hnlicher Beitrag","img":{"alt_text":"","src":"https:\/\/i0.wp.com\/kgv-nordkanal.de\/wp-kgv\/wp-content\/uploads\/2016\/11\/morgensternsheide.gif?resize=350%2C200","width":350,"height":200},"classes":[]},{"id":236,"url":"https:\/\/kgv-nordkanal.de\/wp-kgv\/hauptgelaende-2\/","url_meta":{"origin":243,"position":2},"title":"Hauptgel\u00e4nde","date":"20. November 2016","format":false,"excerpt":"Begleiten Sie uns auf einem virtuellen Rundgang durch die Gartenanlage. Jedes graue K\u00e4stchen steht f\u00fcr einen Besichtigungspunkt, der angeklickt werden kann","rel":"","context":"\u00c4hnlicher Beitrag","img":{"alt_text":"","src":"https:\/\/i0.wp.com\/kgv-nordkanal.de\/wp-kgv\/wp-content\/uploads\/2016\/11\/hauptgelaende.gif?resize=350%2C200","width":350,"height":200},"classes":[]},{"id":219,"url":"https:\/\/kgv-nordkanal.de\/wp-kgv\/lange-hecke\/","url_meta":{"origin":243,"position":3},"title":"Lange Hecke","date":"20. November 2016","format":false,"excerpt":"Begleiten Sie uns auf einem virtuellen Rundgang durch die Gartenanlage. Jedes graue K\u00e4stchen steht f\u00fcr einen Besichtigungspunkt, der angeklickt werden kann","rel":"","context":"\u00c4hnlicher Beitrag","img":{"alt_text":"","src":"https:\/\/i0.wp.com\/kgv-nordkanal.de\/wp-kgv\/wp-content\/uploads\/2016\/11\/lange_hecke.gif?resize=350%2C200","width":350,"height":200},"classes":[]},{"id":378,"url":"https:\/\/kgv-nordkanal.de\/wp-kgv\/gastronomie\/","url_meta":{"origin":243,"position":4},"title":"Gastronomie","date":"14. Dezember 2016","format":false,"excerpt":"Unser sehr gem\u00fctliches Vereinsheim, in dem s\u00e4mtliche Feiern und Mitgliederversammlungen des Vereins stattfinden, ist an eine Wirtsfamilie verpachtet und bietet eine hervorragende Gastronomie. Zur Homepage: http:\/\/ilcampo-neuss.de\/ Rheinische Post Zeitungsartikel Top 10 Rheinland Der Gastro-Garten von der Furth In der Kleingartenanlage des Vereins \u201eNordkanal\u201c vermischen sich G\u00e4rtner- und Gaumenfreuden. Denn die\u2026","rel":"","context":"\u00c4hnlicher Beitrag","img":{"alt_text":"","src":"https:\/\/i2.wp.com\/kgv-nordkanal.de\/wp-kgv\/wp-content\/uploads\/2016\/12\/Sadiki-Homepage-1-300x245.jpg?resize=350%2C200","width":350,"height":200},"classes":[]},{"id":1351,"url":"https:\/\/kgv-nordkanal.de\/wp-kgv\/termine\/","url_meta":{"origin":243,"position":5},"title":"Termine","date":"15. Dezember 2022","format":false,"excerpt":"Hauptgel\u00e4nde: 28.03.2026 GemeinschaftsarbeitDie erste M\u00f6glichkeit zur Gemeinschaftsarbeit im Hauptgel\u00e4nde gibt es am 28.03.2026 ab 9:00 Uhr. Da die Teilnehmerzahl begrenzt ist, bitten wir diejenigen, die teilnehmen wollen, sich bis zum 21.03.2026 beim Obmann Michael vom Dorff (Tel. 0163-2170449) anzumelden. Es wird zwei weitere Termine im Sommer und im Herbst geben.\u2026","rel":"","context":"\u00c4hnlicher Beitrag","img":{"alt_text":"","src":"","width":0,"height":0},"classes":[]}],"_links":{"self":[{"href":"https:\/\/kgv-nordkanal.de\/wp-kgv\/wp-json\/wp\/v2\/pages\/243","targetHints":{"allow":["GET"]}}],"collection":[{"href":"https:\/\/kgv-nordkanal.de\/wp-kgv\/wp-json\/wp\/v2\/pages"}],"about":[{"href":"https:\/\/kgv-nordkanal.de\/wp-kgv\/wp-json\/wp\/v2\/types\/page"}],"author":[{"embeddable":true,"href":"https:\/\/kgv-nordkanal.de\/wp-kgv\/wp-json\/wp\/v2\/users\/1"}],"replies":[{"embeddable":true,"href":"https:\/\/kgv-nordkanal.de\/wp-kgv\/wp-json\/wp\/v2\/comments?post=243"}],"version-history":[{"count":4,"href":"https:\/\/kgv-nordkanal.de\/wp-kgv\/wp-json\/wp\/v2\/pages\/243\/revisions"}],"predecessor-version":[{"id":250,"href":"https:\/\/kgv-nordkanal.de\/wp-kgv\/wp-json\/wp\/v2\/pages\/243\/revisions\/250"}],"wp:attachment":[{"href":"https:\/\/kgv-nordkanal.de\/wp-kgv\/wp-json\/wp\/v2\/media?parent=243"}],"curies":[{"name":"wp","href":"https:\/\/api.w.org\/{rel}","templated":true}]}}