{"id":1351,"date":"2022-12-15T23:31:32","date_gmt":"2022-12-15T22:31:32","guid":{"rendered":"https:\/\/kgv-nordkanal.de\/wp-kgv\/?page_id=1351"},"modified":"2026-02-07T13:44:24","modified_gmt":"2026-02-07T12:44:24","slug":"termine","status":"publish","type":"page","link":"https:\/\/kgv-nordkanal.de\/wp-kgv\/termine\/","title":{"rendered":"Termine"},"content":{"rendered":"\n<p class=\"has-medium-font-size\"><strong>Hauptgel\u00e4nde:<\/strong><\/p>\n\n\n\n<p class=\"has-medium-font-size\"><mark style=\"background-color:rgba(0, 0, 0, 0)\" class=\"has-inline-color has-green-color\"><strong>28.03.2026 Gemeinschaftsarbeit<\/strong><\/mark><br>Die erste M\u00f6glichkeit zur Gemeinschaftsarbeit im Hauptgel\u00e4nde gibt es am <strong>28.03.2026<\/strong> ab <strong>9:00 Uhr<\/strong>.  Da die Teilnehmerzahl begrenzt ist, bitten wir diejenigen, die teilnehmen wollen, sich bis zum 21.03.2026 beim Obmann Michael vom Dorff (Tel. 0163-2170449) anzumelden.  Es wird zwei weitere Termine im Sommer und im Herbst geben.<\/p>\n\n\n\n<p class=\"has-medium-font-size\">Am <strong>28.03.2026<\/strong> werden auch die <strong>Wasseruhren<\/strong> wieder angebracht. Der Zugang zum Garten muss gew\u00e4hrleistet sein, damit alle Wasseruhren angebracht werden k\u00f6nnen und das Wasser angestellt werden kann. Kann eine Wasseruhr nicht angebracht werden, wird dies mit einem Bu\u00dfgeld von \u20ac 20,00 geahndet und es muss ein Ersatztermin gefunden werden.<\/p>\n\n\n\n<p class=\"has-medium-font-size\"><mark style=\"background-color:rgba(0, 0, 0, 0)\" class=\"has-inline-color has-green-color\"><strong>31.03.2026 Container f\u00fcr Gr\u00fcnschnitt<\/strong><\/mark> <br>Von ca. <strong>8:00 Uhr<\/strong> bis <strong>12:00 Uhr <\/strong>wird auf dem Parkplatz des Hauptgel\u00e4ndes ein Container f\u00fcr Gr\u00fcnschnitt bereit gestellt.<br>Es ist unbedingt zu beachten, dass<br>&#8211; das Abfuhrmaterial nicht Tage vorher auf dem Parkplatz gelagert werden darf<br>&#8211; Wurzeln, S\u00e4cke und Baumst\u00e4mme \u00fcber 15 cm nicht in den Container geh\u00f6ren<br>&#8211; jedes Gartenmitglied f\u00fcr das Aufladen des Gr\u00fcnschnitts selbst verantwortlich ist<br>&#8211; kein Gr\u00fcnschnitt neben dem Container zur\u00fcckgelassen werden darf.<\/p>\n\n\n\n<p class=\"has-medium-font-size\"><mark style=\"background-color:rgba(0, 0, 0, 0)\" class=\"has-inline-color has-green-color\"><strong>01.05.2026 Maifeier<\/strong><\/mark><br>Wie jedes Jahr wird auch 2026 das Gartenjahr mit der Maifeier begonnen. Wir treffen uns um <strong>11:00 Uhr<\/strong> am Denkmal im Hauptgel\u00e4nde zu einem netten Beisammensein und Auslosung der Maik\u00f6nigin.<\/p>\n\n\n\n<p class=\"has-medium-font-size\">Vorher werden in der Morgensternsheide und der Langen Hecke die Fahnen gehisst.<\/p>\n\n\n\n<p><\/p>\n\n\n\n<p><\/p>\n\n\n\n<p class=\"has-medium-font-size\"><strong>Morgensternsheide:<\/strong><mark style=\"background-color:rgba(0, 0, 0, 0)\" class=\"has-inline-color has-green-color\"><strong>.<\/strong><\/mark><br><br><mark style=\"background-color:rgba(0, 0, 0, 0)\" class=\"has-inline-color has-green-color\"><strong>11.04.2026 Gemeinschaftsarbeit<\/strong><\/mark><br>Am <strong>11.04.2026<\/strong> finden ab <strong>9:00 Uhr<\/strong> die ersten Gemeinschaftsstunden in der Morgensternsheide statt. F\u00fcr die Teilnahme bitte beim Obmann Tahsun oder dem 1. Vorsitzenden Herbert melden.<\/p>\n\n\n\n<p class=\"has-medium-font-size\"><mark style=\"background-color:rgba(0, 0, 0, 0)\" class=\"has-inline-color has-green-color\"><strong>14.04.2026 Container f\u00fcr Gr\u00fcnschnitt<\/strong><\/mark> <br>Von ca. <strong>8:00 Uhr<\/strong> bis <strong>12:00 Uhr <\/strong>wird in der Morgensternsheide ein Container f\u00fcr Gr\u00fcnschnitt bereit gestellt.<br>Es ist unbedingt zu beachten, dass<br>&#8211; das Abfuhrmaterial nicht Tage vorher vor dem Gel\u00e4nde gelagert werden darf<br>&#8211; Wurzeln, S\u00e4cke und Baumst\u00e4mme \u00fcber 15 cm nicht in den Container geh\u00f6ren<br>&#8211; jedes Gartenmitglied f\u00fcr das Aufladen des Gr\u00fcnschnitts selbst verantwortlich ist<br>&#8211; kein Gr\u00fcnschnitt neben dem Container zur\u00fcckgelassen werden darf.<\/p>\n\n\n\n<p class=\"has-medium-font-size\"><\/p>\n\n\n\n<p class=\"has-medium-font-size\"><mark style=\"background-color:rgba(0, 0, 0, 0)\" class=\"has-inline-color has-green-color\"><strong>01.05.20265 Fahne hissen<\/strong><\/mark><br>Um <strong>10:00 Uhr<\/strong> wird die Fahne gehisst und anschlie\u00dfend geht es ins Hauptgel\u00e4nde zur gemeinsamen Maifeier.<\/p>\n\n\n\n<p class=\"has-medium-font-size\"><mark style=\"background-color:rgba(0, 0, 0, 0)\" class=\"has-inline-color has-green-color\"><strong>17.10.2026 Gemeinschaftsarbeit<\/strong><\/mark><br>Am <strong>17.10.2026 <\/strong>finden ab  <strong>9:00 Uhr <\/strong>Gemeinschaftsstunden in der Morgensternsheide statt. F\u00fcr die Teilnahme bitte beim Obmann Tahsun oder dem 1. Vorsitzenden Herbert melden.<\/p>\n\n\n\n<p class=\"has-medium-font-size\"><mark style=\"background-color:rgba(0, 0, 0, 0)\" class=\"has-inline-color has-green-color\"><strong>20.10.2026 Container f\u00fcr Gr\u00fcnschnitt<\/strong><\/mark> <br>Von ca. <strong>8:00 Uhr<\/strong> bis <strong>12:00 Uhr <\/strong>wird in der Morgensternsheide ein Container f\u00fcr Gr\u00fcnschnitt bereit gestellt.<br>Es ist unbedingt zu beachten, dass<br>&#8211; das Abfuhrmaterial nicht Tage vorher vor dem Gel\u00e4nde gelagert werden darf<br>&#8211; Wurzeln, S\u00e4cke und Baumst\u00e4mme \u00fcber 15 cm nicht in den Container geh\u00f6ren<br>&#8211; jedes Gartenmitglied f\u00fcr das Aufladen des Gr\u00fcnschnitts selbst verantwortlich ist<br>&#8211; kein Gr\u00fcnschnitt neben dem Container zur\u00fcckgelassen werden darf.<\/p>\n\n\n\n<p class=\"has-medium-font-size\"><\/p>\n\n\n\n<p class=\"has-medium-font-size\"><br><strong>Lange Hecke:<\/strong><\/p>\n\n\n\n<p class=\"has-medium-font-size\"><mark style=\"background-color:rgba(0, 0, 0, 0)\" class=\"has-inline-color has-green-color\"><strong>28.03.2026 Gemeinschaftsarbeit<\/strong><\/mark><br>Wenn das Wetter es zul\u00e4sst, gibt es am 28.03.2026 die M\u00f6glichkeit, ab <strong>10:00 Uhr<\/strong> Gemeinschaftsstunden in der Langen Hecke zu leisten. Wer dabei sein will, meldet sich bitte beim Obmann Gregor Kowalski an..<br><sub>.<\/sub><\/p>\n\n\n\n<p class=\"has-medium-font-size\"><mark style=\"background-color:rgba(0, 0, 0, 0)\" class=\"has-inline-color has-green-color\"><strong>01.05.2026 Fahne hissen<\/strong><\/mark><br>Um <strong>10:30 Uhr <\/strong>wird die Fahne gehisst und anschlie\u00dfend geht es ins Hauptgel\u00e4nde zur gemeinsamen Maifeier.<br><sub>.<\/sub><\/p>\n\n\n\n<p><\/p>\n\n\n\n<p class=\"has-medium-font-size\"><\/p>\n\n\n\n<p><\/p>\n","protected":false},"excerpt":{"rendered":"<p>Hauptgel\u00e4nde: 28.03.2026 GemeinschaftsarbeitDie erste M\u00f6glichkeit zur Gemeinschaftsarbeit im Hauptgel\u00e4nde gibt es am 28.03.2026 ab 9:00 Uhr. Da die Teilnehmerzahl begrenzt ist, bitten wir diejenigen, die teilnehmen wollen, sich bis zum 21.03.2026 beim Obmann Michael vom Dorff (Tel. 0163-2170449) anzumelden. Es wird zwei weitere Termine im Sommer und im Herbst geben. Am 28.03.2026 werden auch die &hellip; <a href=\"https:\/\/kgv-nordkanal.de\/wp-kgv\/termine\/\" class=\"more-link\"><span class=\"screen-reader-text\">Termine<\/span> weiterlesen <span class=\"meta-nav\">&rarr;<\/span><\/a><\/p>\n","protected":false},"author":2,"featured_media":0,"parent":0,"menu_order":0,"comment_status":"closed","ping_status":"closed","template":"","meta":{"spay_email":"","footnotes":""},"class_list":["post-1351","page","type-page","status-publish","hentry"],"jetpack_sharing_enabled":true,"jetpack_shortlink":"https:\/\/wp.me\/P86dFW-lN","jetpack-related-posts":[{"id":228,"url":"https:\/\/kgv-nordkanal.de\/wp-kgv\/morgensternsheide-2\/","url_meta":{"origin":1351,"position":0},"title":"Morgensternsheide","date":"20. November 2016","format":false,"excerpt":"Begleiten Sie uns auf einem virtuellen Rundgang durch die Gartenanlage.Jedes graue K\u00e4stchen steht f\u00fcr einen Besichtigungspunkt, der angeklickt werden kann","rel":"","context":"\u00c4hnlicher Beitrag","img":{"alt_text":"","src":"https:\/\/i0.wp.com\/kgv-nordkanal.de\/wp-kgv\/wp-content\/uploads\/2016\/11\/morgensternsheide.gif?resize=350%2C200","width":350,"height":200},"classes":[]},{"id":236,"url":"https:\/\/kgv-nordkanal.de\/wp-kgv\/hauptgelaende-2\/","url_meta":{"origin":1351,"position":1},"title":"Hauptgel\u00e4nde","date":"20. November 2016","format":false,"excerpt":"Begleiten Sie uns auf einem virtuellen Rundgang durch die Gartenanlage. Jedes graue K\u00e4stchen steht f\u00fcr einen Besichtigungspunkt, der angeklickt werden kann","rel":"","context":"\u00c4hnlicher Beitrag","img":{"alt_text":"","src":"https:\/\/i0.wp.com\/kgv-nordkanal.de\/wp-kgv\/wp-content\/uploads\/2016\/11\/hauptgelaende.gif?resize=350%2C200","width":350,"height":200},"classes":[]},{"id":219,"url":"https:\/\/kgv-nordkanal.de\/wp-kgv\/lange-hecke\/","url_meta":{"origin":1351,"position":2},"title":"Lange Hecke","date":"20. November 2016","format":false,"excerpt":"Begleiten Sie uns auf einem virtuellen Rundgang durch die Gartenanlage. Jedes graue K\u00e4stchen steht f\u00fcr einen Besichtigungspunkt, der angeklickt werden kann","rel":"","context":"\u00c4hnlicher Beitrag","img":{"alt_text":"","src":"https:\/\/i0.wp.com\/kgv-nordkanal.de\/wp-kgv\/wp-content\/uploads\/2016\/11\/lange_hecke.gif?resize=350%2C200","width":350,"height":200},"classes":[]},{"id":828,"url":"https:\/\/kgv-nordkanal.de\/wp-kgv\/datenschutzerklaerung\/","url_meta":{"origin":1351,"position":3},"title":"Datenschutzerkl\u00e4rung","date":"25. Mai 2018","format":false,"excerpt":"Datenschutzerkl\u00e4rung Allgemeiner Hinweis und Pflichtinformationen Benennung der verantwortlichen Stelle Die verantwortliche Stelle f\u00fcr die Datenverarbeitung auf dieser Website ist: KLEING\u00c4RTNERVEREIN NORDKANAL e.V.Vertretungsberechtigter Vorstand:Viersener Str. 10041462 Neuss Die verantwortliche Stelle entscheidet allein oder gemeinsam mit anderen \u00fcber die Zwecke und Mittel der Verarbeitung von personenbezogenen Daten (z.B. Namen, Kontaktdaten o. \u00c4.).\u2026","rel":"","context":"\u00c4hnlicher Beitrag","img":{"alt_text":"","src":"","width":0,"height":0},"classes":[]},{"id":6,"url":"https:\/\/kgv-nordkanal.de\/wp-kgv\/","url_meta":{"origin":1351,"position":4},"title":"Vereins-Chronik Einige Familienv\u00e4ter fanden sich\u2026","date":"11. November 2016","format":false,"excerpt":"Vereins-Chronik Einige Familienv\u00e4ter fanden sich im Jahre 1928 zusammen, um einen Kleing\u00e4rtnerverein zu gr\u00fcnden. In der Zeit der Arbeitslosigkeit und wirtschaftlicher Not war es das Bestreben vieler Menschen ein Fleckchen Erde bearbeiten zu k\u00f6nnen. Nach langem Hin und Her erhielt der Verein von der Stadt Neuss zwei Morgen Wiesengel\u00e4nde mit\u2026","rel":"","context":"\u00c4hnlicher Beitrag","img":{"alt_text":"Die Gr\u00c3\u00bcndungsmitglieder - v.l.n.r. Herr Sievering, Frau wolf, Herr Steinhauer, Herr M\u00c3\u00bcller","src":"https:\/\/i1.wp.com\/kgv-nordkanal.de\/wp-kgv\/wp-content\/uploads\/2016\/11\/mitgl.jpg?resize=350%2C200","width":350,"height":200},"classes":[]},{"id":378,"url":"https:\/\/kgv-nordkanal.de\/wp-kgv\/gastronomie\/","url_meta":{"origin":1351,"position":5},"title":"Gastronomie","date":"14. Dezember 2016","format":false,"excerpt":"Unser sehr gem\u00fctliches Vereinsheim, in dem s\u00e4mtliche Feiern und Mitgliederversammlungen des Vereins stattfinden, ist an eine Wirtsfamilie verpachtet und bietet eine hervorragende Gastronomie. Zur Homepage: http:\/\/ilcampo-neuss.de\/ Rheinische Post Zeitungsartikel Top 10 Rheinland Der Gastro-Garten von der Furth In der Kleingartenanlage des Vereins \u201eNordkanal\u201c vermischen sich G\u00e4rtner- und Gaumenfreuden. Denn die\u2026","rel":"","context":"\u00c4hnlicher Beitrag","img":{"alt_text":"","src":"https:\/\/i2.wp.com\/kgv-nordkanal.de\/wp-kgv\/wp-content\/uploads\/2016\/12\/Sadiki-Homepage-1-300x245.jpg?resize=350%2C200","width":350,"height":200},"classes":[]}],"_links":{"self":[{"href":"https:\/\/kgv-nordkanal.de\/wp-kgv\/wp-json\/wp\/v2\/pages\/1351","targetHints":{"allow":["GET"]}}],"collection":[{"href":"https:\/\/kgv-nordkanal.de\/wp-kgv\/wp-json\/wp\/v2\/pages"}],"about":[{"href":"https:\/\/kgv-nordkanal.de\/wp-kgv\/wp-json\/wp\/v2\/types\/page"}],"author":[{"embeddable":true,"href":"https:\/\/kgv-nordkanal.de\/wp-kgv\/wp-json\/wp\/v2\/users\/2"}],"replies":[{"embeddable":true,"href":"https:\/\/kgv-nordkanal.de\/wp-kgv\/wp-json\/wp\/v2\/comments?post=1351"}],"version-history":[{"count":91,"href":"https:\/\/kgv-nordkanal.de\/wp-kgv\/wp-json\/wp\/v2\/pages\/1351\/revisions"}],"predecessor-version":[{"id":1657,"href":"https:\/\/kgv-nordkanal.de\/wp-kgv\/wp-json\/wp\/v2\/pages\/1351\/revisions\/1657"}],"wp:attachment":[{"href":"https:\/\/kgv-nordkanal.de\/wp-kgv\/wp-json\/wp\/v2\/media?parent=1351"}],"curies":[{"name":"wp","href":"https:\/\/api.w.org\/{rel}","templated":true}]}}